{"id":2607,"date":"2025-10-23T17:13:26","date_gmt":"2025-10-23T17:13:26","guid":{"rendered":"https:\/\/nosssa.com\/?page_id=2607"},"modified":"2025-11-06T09:58:18","modified_gmt":"2025-11-06T09:58:18","slug":"acessorios","status":"publish","type":"page","link":"https:\/\/nosssa.com\/?page_id=2607","title":{"rendered":"Acess\u00f3rios"},"content":{"rendered":"\t\t<div data-elementor-type=\"wp-page\" data-elementor-id=\"2607\" class=\"elementor elementor-2607\">\n\t\t\t\t\t\t<section class=\"elementor-section elementor-top-section elementor-element elementor-element-3371657 elementor-section-full_width elementor-section-height-default elementor-section-height-default\" data-id=\"3371657\" data-element_type=\"section\">\n\t\t\t\t\t\t<div class=\"elementor-container elementor-column-gap-default\">\n\t\t\t\t\t<div class=\"elementor-column elementor-col-100 elementor-top-column elementor-element elementor-element-32c6e71\" data-id=\"32c6e71\" data-element_type=\"column\">\n\t\t\t<div class=\"elementor-widget-wrap elementor-element-populated\">\n\t\t\t\t\t\t<div class=\"elementor-section elementor-inner-section elementor-element elementor-element-3f76547 elementor-section-boxed elementor-section-height-default elementor-section-height-default\" data-id=\"3f76547\" data-element_type=\"section\">\n\t\t\t\t\t\t<div class=\"elementor-container elementor-column-gap-default\">\n\t\t\t\t\t<div class=\"elementor-column elementor-col-100 elementor-inner-column elementor-element elementor-element-f6b381f\" data-id=\"f6b381f\" data-element_type=\"column\">\n\t\t\t<div class=\"elementor-widget-wrap elementor-element-populated\">\n\t\t\t\t\t\t<div class=\"elementor-element elementor-element-a6d836d elementor-widget elementor-widget-bauen-title\" data-id=\"a6d836d\" data-element_type=\"widget\" data-widget_type=\"bauen-title.default\">\n\t\t\t\t<div class=\"elementor-widget-container\">\n\t\t\t\t\t\t\t\n\t\t\t\n\t\t\t\t\t\t<h2 class=\"section-title text-center\">Acess\u00f3rios<\/h2>\n\t\t\t\t\n\t\t\t\t\n        \n\t\t\t\n        \t\t\t\t<\/div>\n\t\t\t\t<\/div>\n\t\t\t\t<div class=\"elementor-element elementor-element-cdc8e73 elementor-widget elementor-widget-bauen-portfolio-grid\" data-id=\"cdc8e73\" data-element_type=\"widget\" data-widget_type=\"bauen-portfolio-grid.default\">\n\t\t\t\t<div class=\"elementor-widget-container\">\n\t\t\t\t\t\n\t\t<div class=\"sec-portfolio projects\"> \n\t\t\t\t\t\n\t\t\t<div class=\"container-after\">\n\t\t        \t\t\t\t<div class=\"row isotope-items-wrap  no-hide-last loadmore-wrapper \" data-load-item=\"10000000\" data-button-text=\"Load More\">\t\n\t\t\t\t\n\t\t\t\t\t\t\t\t\t\n\t\t\t\t\t\t\t\t\t\t<div class=\"isotope-item col-md-4 acessorios \">\n\t\t\t\t\t    <a href=\"https:\/\/nosssa.com\/?portfolio=ic-2\" >\n\t\t\t\t\t\t\t<div class=\"item\">\t\t\t\t\t\t\t\t\n\t\t\t\t\t\t\t\t\t\t\t\t\t\t\t\t<div class=\"position-re o-hidden\">\n\t\t\t\t\t\t\t\t\t<img decoding=\"async\" src=\"https:\/\/nosssa.com\/wp-content\/uploads\/2025\/11\/IC-2.png\" alt=\"IC-2\">\n\t\t\t\t\t\t\t\t<\/div>\n\t\t\t\t\t\t\t\t\t\t\t\t\t\t\t\t<div class=\"con overlay-full-height\">\n\t\t\t\t\t\t\t\t\t<h6 class=\"category\"><span class=\"cat-divider\">Acess\u00f3rios  <\/span><\/h6>\n\t\t\t\t\t\t\t\t\t<h5 class=\"title bn-post-title-grid\">IC-2<\/h5>\n\t\t\t\t\t\t\t\t\t<div class=\"line\"><\/div>\n\t\t\t\t\t\t\t\t\t\t\n\t\t\t\t\t\t\t\t\t\t<i class=\"ti-arrow-right\"><\/i>\n\t\t\t\t\t\t\t\t\t\t\t\t\t\t\t\t\n\t\t\t\t\t\t\t\t<\/div>\t\t\t\t\t\t\t\t\t\n\t\t\t\t\t\t\t<\/div>\t\n\t\t\t\t\t\t<\/a>\t\t\t\t\t\t\t\t\t\t\n\t\t\t\t\t<\/div>\n\t\t\t\t\t\t\t\t\t\t\n\t\t\t\t\t\t\t\t\t\n\t\t\t\t\t\t\t\t\t\t<div class=\"isotope-item col-md-4 acessorios \">\n\t\t\t\t\t    <a href=\"https:\/\/nosssa.com\/?portfolio=ic-1\" >\n\t\t\t\t\t\t\t<div class=\"item\">\t\t\t\t\t\t\t\t\n\t\t\t\t\t\t\t\t\t\t\t\t\t\t\t\t<div class=\"position-re o-hidden\">\n\t\t\t\t\t\t\t\t\t<img decoding=\"async\" src=\"https:\/\/nosssa.com\/wp-content\/uploads\/2025\/11\/IC-1.png\" alt=\"IC-1\">\n\t\t\t\t\t\t\t\t<\/div>\n\t\t\t\t\t\t\t\t\t\t\t\t\t\t\t\t<div class=\"con overlay-full-height\">\n\t\t\t\t\t\t\t\t\t<h6 class=\"category\"><span class=\"cat-divider\">Acess\u00f3rios  <\/span><\/h6>\n\t\t\t\t\t\t\t\t\t<h5 class=\"title bn-post-title-grid\">IC-1<\/h5>\n\t\t\t\t\t\t\t\t\t<div class=\"line\"><\/div>\n\t\t\t\t\t\t\t\t\t\t\n\t\t\t\t\t\t\t\t\t\t<i class=\"ti-arrow-right\"><\/i>\n\t\t\t\t\t\t\t\t\t\t\t\t\t\t\t\t\n\t\t\t\t\t\t\t\t<\/div>\t\t\t\t\t\t\t\t\t\n\t\t\t\t\t\t\t<\/div>\t\n\t\t\t\t\t\t<\/a>\t\t\t\t\t\t\t\t\t\t\n\t\t\t\t\t<\/div>\n\t\t\t\t\t\t\t\t\t\t\n\t\t\t\t\t\t\t\t\t\n\t\t        <\/div> \n\t\t    <\/div> \t\t\t\n\t\t<\/div>\n\t\t\n        \t\t\t\t<\/div>\n\t\t\t\t<\/div>\n\t\t\t\t\t<\/div>\n\t\t<\/div>\n\t\t\t\t\t<\/div>\n\t\t<\/div>\n\t\t\t\t\t<\/div>\n\t\t<\/div>\n\t\t\t\t\t<\/div>\n\t\t<\/section>\n\t\t\t\t<section class=\"elementor-section elementor-top-section elementor-element elementor-element-ccc8bf5 elementor-section-boxed elementor-section-height-default elementor-section-height-default\" data-id=\"ccc8bf5\" data-element_type=\"section\">\n\t\t\t\t\t\t<div class=\"elementor-container elementor-column-gap-no\">\n\t\t\t\t\t<div class=\"elementor-column elementor-col-100 elementor-top-column elementor-element elementor-element-cf0a313\" data-id=\"cf0a313\" data-element_type=\"column\">\n\t\t\t<div class=\"elementor-widget-wrap elementor-element-populated\">\n\t\t\t\t\t\t<div class=\"elementor-element elementor-element-f5f2ebe elementor-widget elementor-widget-bauen-title\" data-id=\"f5f2ebe\" data-element_type=\"widget\" data-widget_type=\"bauen-title.default\">\n\t\t\t\t<div class=\"elementor-widget-container\">\n\t\t\t\t\t\t\t\n\t\t\t\n\t\t\t\t\t\t<h2 class=\"section-title text-left\">expansores <\/h2>\n\t\t\t\t\n\t\t\t\t\n        \n\t\t\t\n        \t\t\t\t<\/div>\n\t\t\t\t<\/div>\n\t\t\t\t<div class=\"elementor-element elementor-element-7f7cb48 elementor-widget elementor-widget-bauen-title\" data-id=\"7f7cb48\" data-element_type=\"widget\" data-widget_type=\"bauen-title.default\">\n\t\t\t\t<div class=\"elementor-widget-container\">\n\t\t\t\t\t\t\t\n\t\t\t\n\t\t\t\t\t\t<h2 class=\"section-title text-left\">acess\u00f3rios para cilindros<\/h2>\n\t\t\t\t\n\t\t\t\t\n        \n\t\t\t\n        \t\t\t\t<\/div>\n\t\t\t\t<\/div>\n\t\t\t\t\t<\/div>\n\t\t<\/div>\n\t\t\t\t\t<\/div>\n\t\t<\/section>\n\t\t\t\t<section class=\"elementor-section elementor-top-section elementor-element elementor-element-ad7ebab elementor-section-boxed elementor-section-height-default elementor-section-height-default\" data-id=\"ad7ebab\" data-element_type=\"section\">\n\t\t\t\t\t\t<div class=\"elementor-container elementor-column-gap-no\">\n\t\t\t\t\t<div class=\"elementor-column elementor-col-33 elementor-top-column elementor-element elementor-element-bdf34f3\" data-id=\"bdf34f3\" data-element_type=\"column\">\n\t\t\t<div class=\"elementor-widget-wrap elementor-element-populated\">\n\t\t\t\t\t\t<div class=\"elementor-element elementor-element-df59bd9 elementor-widget__width-auto elementor-widget elementor-widget-bauen-hover-box\" data-id=\"df59bd9\" data-element_type=\"widget\" data-widget_type=\"bauen-hover-box.default\">\n\t\t\t\t<div class=\"elementor-widget-container\">\n\t\t\t\t\t\n\t\t\t\t<div class=\"services2 bn-vc-hover-box mb-60\">\n            \t\t\t<div class=\"services2-img position-re o-hidden\"><img decoding=\"async\" src=\"https:\/\/nosssa.com\/wp-content\/uploads\/2025\/11\/MX-S1-80-2.svg\" alt=\"\" class=\"w-100\"><\/div>\n\t\t\t\t\t\t<div class=\"services2-content\">\n                <div class=\"icon\">\n\t\t\t\t\t\n\t\t\t\t\t<svg aria-hidden=\"true\" class=\"e-font-icon-svg e-fas-plus\" viewBox=\"0 0 448 512\" xmlns=\"http:\/\/www.w3.org\/2000\/svg\"><path d=\"M416 208H272V64c0-17.67-14.33-32-32-32h-32c-17.67 0-32 14.33-32 32v144H32c-17.67 0-32 14.33-32 32v32c0 17.67 14.33 32 32 32h144v144c0 17.67 14.33 32 32 32h32c17.67 0 32-14.33 32-32V304h144c17.67 0 32-14.33 32-32v-32c0-17.67-14.33-32-32-32z\"><\/path><\/svg>\t\t\t\t\t\n\t\t\t\t<\/div>\n\t\t\t\t                <h3 class=\"services2-title\">MX-S1-80<\/h3>\n\t\t\t\t\t\t\t\t\t\t\t\t<div class=\"services2-text\">\n\t\t\t\t<p><strong>CANS-00012<\/strong>\u00a0- Expansor Cilindro 80mm para NOCIP\/NOCIB<\/p>\t\t\t\t<\/div>\n\t\t\t\t\t\n                            <\/div>\n\t\t\t\t\t\t<div class=\"title-box\">\n\t\t\t\t<h3 class=\"mb-0 bu-box-title\">MX-S1-80<\/h3>\n\t\t\t<\/div>\n\t\t\t        <\/div>\n\t\t        \t\t\n\n        \t\t\t\t<\/div>\n\t\t\t\t<\/div>\n\t\t\t\t\t<\/div>\n\t\t<\/div>\n\t\t\t\t<div class=\"elementor-column elementor-col-33 elementor-top-column elementor-element elementor-element-6e54741\" data-id=\"6e54741\" data-element_type=\"column\">\n\t\t\t<div class=\"elementor-widget-wrap elementor-element-populated\">\n\t\t\t\t\t\t<div class=\"elementor-element elementor-element-cf6b6ef elementor-widget__width-auto elementor-widget elementor-widget-bauen-hover-box\" data-id=\"cf6b6ef\" data-element_type=\"widget\" data-widget_type=\"bauen-hover-box.default\">\n\t\t\t\t<div class=\"elementor-widget-container\">\n\t\t\t\t\t\n\t\t\t\t<div class=\"services2 bn-vc-hover-box mb-60\">\n            \t\t\t<div class=\"services2-img position-re o-hidden\"><img decoding=\"async\" src=\"https:\/\/nosssa.com\/wp-content\/uploads\/2025\/11\/MX-S1-90.svg\" alt=\"\" class=\"w-100\"><\/div>\n\t\t\t\t\t\t<div class=\"services2-content\">\n                <div class=\"icon\">\n\t\t\t\t\t\n\t\t\t\t\t<svg aria-hidden=\"true\" class=\"e-font-icon-svg e-fas-plus\" viewBox=\"0 0 448 512\" xmlns=\"http:\/\/www.w3.org\/2000\/svg\"><path d=\"M416 208H272V64c0-17.67-14.33-32-32-32h-32c-17.67 0-32 14.33-32 32v144H32c-17.67 0-32 14.33-32 32v32c0 17.67 14.33 32 32 32h144v144c0 17.67 14.33 32 32 32h32c17.67 0 32-14.33 32-32V304h144c17.67 0 32-14.33 32-32v-32c0-17.67-14.33-32-32-32z\"><\/path><\/svg>\t\t\t\t\t\n\t\t\t\t<\/div>\n\t\t\t\t                <h3 class=\"services2-title\">MX-S1-90<\/h3>\n\t\t\t\t\t\t\t\t\t\t\t\t<div class=\"services2-text\">\n\t\t\t\t<p><strong>CANS-00013<\/strong> - Expansor Cilindro 90mm para NOCIP\/NOCIB<\/p>\t\t\t\t<\/div>\n\t\t\t\t\t\n                            <\/div>\n\t\t\t\t\t\t<div class=\"title-box\">\n\t\t\t\t<h3 class=\"mb-0 bu-box-title\">MX-S1-90<\/h3>\n\t\t\t<\/div>\n\t\t\t        <\/div>\n\t\t        \t\t\n\n        \t\t\t\t<\/div>\n\t\t\t\t<\/div>\n\t\t\t\t\t<\/div>\n\t\t<\/div>\n\t\t\t\t<div class=\"elementor-column elementor-col-33 elementor-top-column elementor-element elementor-element-5ab33df\" data-id=\"5ab33df\" data-element_type=\"column\">\n\t\t\t<div class=\"elementor-widget-wrap elementor-element-populated\">\n\t\t\t\t\t\t<div class=\"elementor-element elementor-element-b07eca4 elementor-widget__width-auto elementor-widget elementor-widget-bauen-hover-box\" data-id=\"b07eca4\" data-element_type=\"widget\" data-widget_type=\"bauen-hover-box.default\">\n\t\t\t\t<div class=\"elementor-widget-container\">\n\t\t\t\t\t\n\t\t\t\t<div class=\"services2 bn-vc-hover-box mb-60\">\n            \t\t\t<div class=\"services2-img position-re o-hidden\"><img decoding=\"async\" src=\"https:\/\/nosssa.com\/wp-content\/uploads\/2025\/11\/MX-S1-100.svg\" alt=\"\" class=\"w-100\"><\/div>\n\t\t\t\t\t\t<div class=\"services2-content\">\n                <div class=\"icon\">\n\t\t\t\t\t\n\t\t\t\t\t<svg aria-hidden=\"true\" class=\"e-font-icon-svg e-fas-plus\" viewBox=\"0 0 448 512\" xmlns=\"http:\/\/www.w3.org\/2000\/svg\"><path d=\"M416 208H272V64c0-17.67-14.33-32-32-32h-32c-17.67 0-32 14.33-32 32v144H32c-17.67 0-32 14.33-32 32v32c0 17.67 14.33 32 32 32h144v144c0 17.67 14.33 32 32 32h32c17.67 0 32-14.33 32-32V304h144c17.67 0 32-14.33 32-32v-32c0-17.67-14.33-32-32-32z\"><\/path><\/svg>\t\t\t\t\t\n\t\t\t\t<\/div>\n\t\t\t\t                <h3 class=\"services2-title\">MX-S1-100<\/h3>\n\t\t\t\t\t\t\t\t\t\t\t\t<div class=\"services2-text\">\n\t\t\t\t<p><strong>CANS-00014<\/strong>\u00a0- Expansor Cilindro 100mm para NOCIP\/NOCIB<\/p>\t\t\t\t<\/div>\n\t\t\t\t\t\n                            <\/div>\n\t\t\t\t\t\t<div class=\"title-box\">\n\t\t\t\t<h3 class=\"mb-0 bu-box-title\">MX-S1-100<\/h3>\n\t\t\t<\/div>\n\t\t\t        <\/div>\n\t\t        \t\t\n\n        \t\t\t\t<\/div>\n\t\t\t\t<\/div>\n\t\t\t\t\t<\/div>\n\t\t<\/div>\n\t\t\t\t\t<\/div>\n\t\t<\/section>\n\t\t\t\t<\/div>\n\t\t","protected":false},"excerpt":{"rendered":"<p>Acess\u00f3rios Acess\u00f3rios IC-2 Acess\u00f3rios IC-1 expansores acess\u00f3rios para cilindros MX-S1-80 CANS-00012\u00a0&#8211; Expansor Cilindro 80mm para NOCIP\/NOCIB MX-S1-80 MX-S1-90 CANS-00013 &#8211; Expansor Cilindro 90mm para NOCIP\/NOCIB MX-S1-90 MX-S1-100 CANS-00014\u00a0&#8211; Expansor Cilindro 100mm para NOCIP\/NOCIB MX-S1-100<\/p>\n","protected":false},"author":1,"featured_media":0,"parent":0,"menu_order":0,"comment_status":"closed","ping_status":"closed","template":"","meta":{"footnotes":"","_links_to":"","_links_to_target":""},"class_list":["post-2607","page","type-page","status-publish","hentry"],"_links":{"self":[{"href":"https:\/\/nosssa.com\/index.php?rest_route=\/wp\/v2\/pages\/2607","targetHints":{"allow":["GET"]}}],"collection":[{"href":"https:\/\/nosssa.com\/index.php?rest_route=\/wp\/v2\/pages"}],"about":[{"href":"https:\/\/nosssa.com\/index.php?rest_route=\/wp\/v2\/types\/page"}],"author":[{"embeddable":true,"href":"https:\/\/nosssa.com\/index.php?rest_route=\/wp\/v2\/users\/1"}],"replies":[{"embeddable":true,"href":"https:\/\/nosssa.com\/index.php?rest_route=%2Fwp%2Fv2%2Fcomments&post=2607"}],"version-history":[{"count":5,"href":"https:\/\/nosssa.com\/index.php?rest_route=\/wp\/v2\/pages\/2607\/revisions"}],"predecessor-version":[{"id":2991,"href":"https:\/\/nosssa.com\/index.php?rest_route=\/wp\/v2\/pages\/2607\/revisions\/2991"}],"wp:attachment":[{"href":"https:\/\/nosssa.com\/index.php?rest_route=%2Fwp%2Fv2%2Fmedia&parent=2607"}],"curies":[{"name":"wp","href":"https:\/\/api.w.org\/{rel}","templated":true}]}}